{"id":13863,"date":"2022-03-30T18:38:35","date_gmt":"2022-03-30T18:38:35","guid":{"rendered":"https:\/\/www.sky9-apartments.com\/?page_id=13863"},"modified":"2022-03-30T19:12:47","modified_gmt":"2022-03-30T19:12:47","slug":"senior-operations-manager-m-w","status":"publish","type":"page","link":"https:\/\/sky.safetybis.com\/de\/kontakt\/jobs\/senior-operations-manager-m-w\/","title":{"rendered":"Senior Operations Manager (m\/w) \/\/ Teilzeit 30 \u2013 38,5h\/Woche"},"content":{"rendered":"<p>Wir  sind ein junges Wiener Startup mit internationalen Referenzen. Wir haben die  fortgeschrittenste Booking Management Software am Markt entwickelt und  betreiben selbst 35 modern ausgestatte Penthouse Apartments mit bis zu 100m2,  und beherbergen j\u00e4hrlich ca. 50.000 G\u00e4ste in Wien und Dubai.\n<\/p>\n<p>Zur  Unterst\u00fctzung unserer Gesch\u00e4ftsf\u00fchrung suchen wir einen\u00a0 \n<\/p>\n<h1 class=\"hb-bordered-heading\"><strong>Senior Operations Manager (m\/w) <\/strong><\/h1>\n<h2 class=\"hb-bordered-heading\"><strong>mit Aufstiegsm\u00f6glichkeit und F\u00fchrungsperspektive<\/strong><\/h2>\n<h2 class=\"hb-bordered-heading\"><strong>Teilzeit 30h \u2013 38,5h\/Woche<\/strong><\/h2>\n<p>\n  Sie f\u00fchlen sich wohl als Dreh- und Angelpunkt aller Geschehnisse und haben  dabei immer ein sicheres, h\u00f6fliches und zuverl\u00e4ssiges Auftreten? Wir suchen zum  n\u00e4chstm\u00f6glichen Zeitpunkt einen Senior Operations Manager (m\/w), der bereit  ist, Verantwortung zu \u00fcbernehmen. Bei flachen Hierarchien und kurzen  Entscheidungswegen&nbsp;haben Sie die Chance, das Unternehmen&nbsp;aktiv mitzugestalten,  viel zu lernen, an Herausforderungen zu wachsen und mittelfristig eine  F\u00fchrungsposition zu \u00fcbernehmen.\n<\/p>\n<h3><strong>Ihre Aufgabengebiete<\/strong><\/h3>\n<ul>\n<li>In dieser abwechslungsreichen,  verantwortungsvollen und zentralen Position arbeiten Sie eng mit dem Gesch\u00e4ftsf\u00fchrer  zusammen; Sie agieren als seine rechte Hand und \u00fcbernehmen u.A.  verantwortungsvolle operative, organisatorische und strategische Aufgaben.<\/li>\n<li>Sie begleiten neue Bauprojekte in  der Pre-Opening-Phase in enger Abstimmung mit Architekten, Baufirmen, Interior  Designern und Lieferanten, und legen hier den Grundstein f\u00fcr den Erfolg neuer  Projekte.<\/li>\n<li>Mitwirkung an Marketingma\u00dfnahmen  inkl. Markt-\/Mitbewerberbeobachtung am Standort Wien und Dubai<\/li>\n<li>Sie sind f\u00fcr die gesamtheitliche  operative F\u00fchrung des Apartmentbetriebes verantwortlich und unterst\u00fctzen den Gesch\u00e4ftsf\u00fchrer  in allen kaufm\u00e4nnischen und strategischen Themenstellungen<\/li>\n<li>Sie \u00fcberzeugen unsere G\u00e4ste und  nat\u00fcrlich auch uns als herzliche\/r Gastgeber\/in und Digital Native mit  innovativen Ideen und der Bereitschaft, ein junges Team voller Elan und  Engagement zu f\u00fchren.<\/li>\n<li>Kommunikation mit nationalen und  internationalen G\u00e4sten und Partnerfirmen in Deutsch und Englisch<\/li>\n<li>Sie wandeln unzufriedene Kunden in  gl\u00fcckliche und langj\u00e4hrige Stammkunden (Beschwerdemanagement)<\/li>\n<\/ul>\n<h3><strong>Ihr Profil<\/strong><\/h3>\n<ul>\n<li>Sie haben idealerweise eine abgeschlossene  h\u00f6here kaufm\u00e4nnische Ausbildung (Universit\u00e4t oder Hotelfachschule) und mehrere  Jahre Berufserfahrung, vorzugsweise in der Software-, Hotel- und\/oder  Tourismusbranche<\/li>\n<li>Sie arbeiten selbstst\u00e4ndig,  proaktiv und analytisch<\/li>\n<li>Sie lernen schnell u.A. auch eine neue  und umfangreiche Software<\/li>\n<li>Diplomatisches Geschick sowie gute  Umgangsformen sind f\u00fcr Sie ebenso selbstverst\u00e4ndlich, wie ein ausgepr\u00e4gtes  organisatorisches Talent<\/li>\n<li>Sie haben ein gepflegtes  Erscheinungsbild und ein sicheres und zuverl\u00e4ssiges Auftreten<\/li>\n<li>Sie beherrschen Deutsch und  Englisch, in Wort und Schrift, f\u00fchlen sich wohl bei der Arbeit am Computer und  sind gut mit MS-Office vertraut<\/li>\n<li>Sie haben Erfahrung im Umgang mit  Hotel- und Buchungssystemen&nbsp;<strong><br clear=\"all\"><br \/>\n  <\/strong>  <\/li>\n<\/ul>\n<h3><strong>Wir bieten Ihnen<\/strong><\/h3>\n<ul>\n<li>Eine langfristige Perspektive mit  Aufstiegsm\u00f6glichkeit und F\u00fchrungsperspektive und die M\u00f6glichkeit hautnah zu  lernen wie man ein Unternehmen f\u00fchrt <\/li>\n<li>Unmittelbares wertvolles Feedback  durch unseren erfahrenen Gesch\u00e4ftsf\u00fchrer, welches ihre pers\u00f6nliche  Weiterentwicklung f\u00f6rdert<\/li>\n<li>Eine sehr gute Arbeitsatmosph\u00e4re,  gepr\u00e4gt vor allem von Teamgeist, flachen Hierarchien, offener Kommunikation,  unkompliziertem Umgang miteinander sowie die M\u00f6glichkeit sich aktiv in  Entscheidungsprozesse einzubinden und eigene Ideen einzubringen<\/li>\n<li>Eine Bezahlung \u00fcber dem  Kollektivvertrag und bei Bedarf flexible Arbeitszeiteinteilung<\/li>\n<li>Weitere Mitarbeiter Benefits wie  z.B. Homeoffice, Parkplatz, Handy, Laptop, Kaffee, Obst etc.<\/li>\n<\/ul>\n<p>Das Jahresgehalt liegt  je nach Qualifikation und Stundenanzahl zwischen&nbsp;\u20ac 30.000 &#8211; \u20ac 45.000 Brutto,  mit Bereitschaft zur \u00dcberzahlung entsprechend der Qualifikationen und  Berufserfahrung.<\/p>\n<p>Haben  wir Ihr Interesse geweckt?<br \/>\n  Dann freuen wir uns auf Ihre aussagekr\u00e4ftige Bewerbung!<\/p>\n<h3><strong>SKY9 Penthouse Apartments<\/strong><br \/>\n  Erlachgasse 118\/57, 1100 Wien<br \/>\n  <strong>E-Mail:<\/strong> <a href=\"mailto:bewerbung@sky9-apartments.com\">bewerbung@sky9-apartments.com<\/a><br \/>\n  <strong>Web:<\/strong> <a href=\"http:\/\/www.sky9-apartments.com\">www.sky9-apartments.com<\/a> <br \/><\/h3><\/p>\n","protected":false},"excerpt":{"rendered":"<p>Wir sind ein junges Wiener Startup mit internationalen Referenzen. Wir haben die fortgeschrittenste Booking Management Software am Markt entwickelt und [&hellip;]<\/p>\n","protected":false},"author":17,"featured_media":0,"parent":7625,"menu_order":0,"comment_status":"closed","ping_status":"closed","template":"","meta":[],"_links":{"self":[{"href":"https:\/\/sky.safetybis.com\/de\/wp-json\/wp\/v2\/pages\/13863"}],"collection":[{"href":"https:\/\/sky.safetybis.com\/de\/wp-json\/wp\/v2\/pages"}],"about":[{"href":"https:\/\/sky.safetybis.com\/de\/wp-json\/wp\/v2\/types\/page"}],"author":[{"embeddable":true,"href":"https:\/\/sky.safetybis.com\/de\/wp-json\/wp\/v2\/users\/17"}],"replies":[{"embeddable":true,"href":"https:\/\/sky.safetybis.com\/de\/wp-json\/wp\/v2\/comments?post=13863"}],"version-history":[{"count":9,"href":"https:\/\/sky.safetybis.com\/de\/wp-json\/wp\/v2\/pages\/13863\/revisions"}],"predecessor-version":[{"id":13868,"href":"https:\/\/sky.safetybis.com\/de\/wp-json\/wp\/v2\/pages\/13863\/revisions\/13868"}],"up":[{"embeddable":true,"href":"https:\/\/sky.safetybis.com\/de\/wp-json\/wp\/v2\/pages\/7625"}],"wp:attachment":[{"href":"https:\/\/sky.safetybis.com\/de\/wp-json\/wp\/v2\/media?parent=13863"}],"curies":[{"name":"wp","href":"https:\/\/api.w.org\/{rel}","templated":true}]}}