{"id":6943,"date":"2016-11-16T12:44:01","date_gmt":"2016-11-16T12:44:01","guid":{"rendered":"https:\/\/www.sky9-apartments.com\/?page_id=6943&#038;lang=de"},"modified":"2019-12-19T20:04:41","modified_gmt":"2019-12-19T20:04:41","slug":"die-umgebung","status":"publish","type":"page","link":"https:\/\/sky.safetybis.com\/de\/die-umgebung\/","title":{"rendered":"Die Umgebung"},"content":{"rendered":"<section class=\"wpb-content-wrapper\">[vc_row][vc_column width=&#8221;1\/2&#8243; animation_delay=&#8221;1000&#8243;][vc_column_text]<strong>Perfekte \u00f6ffentliche Verkehrsanbindung \u2013 nur zw\u00f6lf Minuten zum Stadtzentrum!<br \/>\n<\/strong>All unsere Serviced Apartments befinden sich in der N\u00e4he des Wiener Hauptbahnhofs und sind somit gut an die \u00d6ffentlichen Verkehrsmittel angebunden. Die Haltestelle der\u00a0<strong>Buslinie 14A ist nur eine Gehminute entfernt<\/strong>.\u00a0Dieser Bus bringt Sie in nur einer Station zur U-Bahn und f\u00e4hrt zudem direkt zur ber\u00fchmten Einkaufsstra\u00dfe\u00a0Mariahilfer Stra\u00dfe. Die <strong>Stra\u00dfenbahnlinie D ist nur zwei Blocks entfernt<\/strong>, damit gelangen\u00a0Sie zum Hauptbahnhof und zum Schloss Belvedere in zwei bzw. drei Stationen. Die n\u00e4chste Station der <strong>U-Bahnlinie U1 ist zirka 500 Meter<\/strong>\u00a0entfernt. Von dort sind es nur drei\u00a0bzw. vier\u00a0Stationen zur Oper und zum Stephansplatz.[\/vc_column_text][vc_column_text]<strong>Die Vorz\u00fcge in der Umgebung<\/strong><br \/>\nInnerhalb von wenigen Gehminuten finden Sie alles, was Sie f\u00fcr einen angenehmen, stressfreien und auch sicheren Aufenthalt in unseren Serviced Apartments ben\u00f6tigen. <strong>Direkt um die Ecke befinden sich zwei Superm\u00e4rkte<\/strong> der Ketten Spar und Billa, wo Sie Ihre Lebensmitteleink\u00e4ufe erledigen k\u00f6nnen. Nur eine Stra\u00dfe weiter befindet sich eine Drogerie, in der Sie alles bekommen, was Sie an Toilettenartikeln und K\u00f6rperpflegemitteln ben\u00f6tigen. Wie bereits erw\u00e4hnt verf\u00fcgen alle unsere Wohnungen \u00fcber voll ausgestattete K\u00fcchen. Wenn Sie trotzdem mal ausw\u00e4rts essen m\u00f6chten, so finden Sie in der Nachbarschaft eine gro\u00dfe Auswahl an Restaurants f\u00fcr jeden Geschmack \u2013 und auch viele nette Lokale und Bars. An jedem Wochentag k\u00f6nnen Sie \u00fcbrigens auch ein <strong>reichhaltiges Fr\u00fchst\u00fcck<\/strong> bekommen, und zwar <strong>in einem Partner-Restaurant<\/strong>, das sich nur einen Katzensprung entfernt befindet. All diese Annehmlichkeiten verhelfen Ihnen hoffentlich zu einem sch\u00f6nen, unterhaltsamen und unvergesslichen Besuch in der lebenswertesten Stadt der Welt.[\/vc_column_text]<div class=\"shortcode-wrapper shortcode-spacer clearfix\"><div class=\"spacer\" style=\"height:10px;\"><\/div><\/div>[\/vc_column][vc_column width=&#8221;1\/2&#8243; css=&#8221;.vc_custom_1576785826017{margin-top: -38px !important;margin-left: 0px !important;padding-top: 0px !important;padding-right: 0px !important;padding-bottom: 0px !important;padding-left: 20px !important;border-radius: 3px !important;}&#8221; animation_delay=&#8221;1000&#8243;][vc_empty_space]<div class=\"shortcode-wrapper shortcode-title clearfix\"><h5 class=\"aligncenter\">Entfernung zum &#8230;<\/h5><\/div><div class=\"shortcode-wrapper shortcode-spacer clearfix\"><div class=\"spacer\" style=\"height:27px;\"><\/div><\/div>\n\t\t\t<div class=\"hb-skill-meter\">\n\t\t\t\t<div class=\"hb-skill-meter-title\">\n\t\t\t\t\t<span class=\"bar-title\"> Bus \/ Tram<\/span>\n\t\t\t\t\t<span class=\"progress-value\"\"><span class=\"value\">1<\/span> min<\/span>\n\t\t\t\t<\/div>\n\n\t\t\t\t<div class=\"hb-progress-bar\">\n\t\t\t\t\t<span class=\"progress-outer\" data-width=\"1\">\n\t\t\t\t\t\t<span class=\"progress-inner\"><\/span>\n\t\t\t\t\t<\/span>\n\t\t\t\t<\/div>\n\t\t\t<\/div>\n\t\t\n\t\t\t<div class=\"hb-skill-meter\">\n\t\t\t\t<div class=\"hb-skill-meter-title\">\n\t\t\t\t\t<span class=\"bar-title\"> U-Bahn<\/span>\n\t\t\t\t\t<span class=\"progress-value\"\"><span class=\"value\">5<\/span> min<\/span>\n\t\t\t\t<\/div>\n\n\t\t\t\t<div class=\"hb-progress-bar\">\n\t\t\t\t\t<span class=\"progress-outer\" data-width=\"5\">\n\t\t\t\t\t\t<span class=\"progress-inner\"><\/span>\n\t\t\t\t\t<\/span>\n\t\t\t\t<\/div>\n\t\t\t<\/div>\n\t\t\n\t\t\t<div class=\"hb-skill-meter\">\n\t\t\t\t<div class=\"hb-skill-meter-title\">\n\t\t\t\t\t<span class=\"bar-title\"> Hauptbahnhof (HBF)<\/span>\n\t\t\t\t\t<span class=\"progress-value\"\"><span class=\"value\">9<\/span> min<\/span>\n\t\t\t\t<\/div>\n\n\t\t\t\t<div class=\"hb-progress-bar\">\n\t\t\t\t\t<span class=\"progress-outer\" data-width=\"9\">\n\t\t\t\t\t\t<span class=\"progress-inner\"><\/span>\n\t\t\t\t\t<\/span>\n\t\t\t\t<\/div>\n\t\t\t<\/div>\n\t\t\n\t\t\t<div class=\"hb-skill-meter\">\n\t\t\t\t<div class=\"hb-skill-meter-title\">\n\t\t\t\t\t<span class=\"bar-title\"> Schloss Belvedere<\/span>\n\t\t\t\t\t<span class=\"progress-value\"\"><span class=\"value\">11<\/span> min<\/span>\n\t\t\t\t<\/div>\n\n\t\t\t\t<div class=\"hb-progress-bar\">\n\t\t\t\t\t<span class=\"progress-outer\" data-width=\"11\">\n\t\t\t\t\t\t<span class=\"progress-inner\"><\/span>\n\t\t\t\t\t<\/span>\n\t\t\t\t<\/div>\n\t\t\t<\/div>\n\t\t\n\t\t\t<div class=\"hb-skill-meter\">\n\t\t\t\t<div class=\"hb-skill-meter-title\">\n\t\t\t\t\t<span class=\"bar-title\"> Stadtzentrum<\/span>\n\t\t\t\t\t<span class=\"progress-value\"\"><span class=\"value\">12<\/span> min<\/span>\n\t\t\t\t<\/div>\n\n\t\t\t\t<div class=\"hb-progress-bar\">\n\t\t\t\t\t<span class=\"progress-outer\" data-width=\"12\">\n\t\t\t\t\t\t<span class=\"progress-inner\"><\/span>\n\t\t\t\t\t<\/span>\n\t\t\t\t<\/div>\n\t\t\t<\/div>\n\t\t\n\t\t\t<div class=\"hb-skill-meter\">\n\t\t\t\t<div class=\"hb-skill-meter-title\">\n\t\t\t\t\t<span class=\"bar-title\"> Schloss Sch\u00f6nbrunn<\/span>\n\t\t\t\t\t<span class=\"progress-value\"\"><span class=\"value\">18<\/span> min<\/span>\n\t\t\t\t<\/div>\n\n\t\t\t\t<div class=\"hb-progress-bar\">\n\t\t\t\t\t<span class=\"progress-outer\" data-width=\"18\">\n\t\t\t\t\t\t<span class=\"progress-inner\"><\/span>\n\t\t\t\t\t<\/span>\n\t\t\t\t<\/div>\n\t\t\t<\/div>\n\t\t\n\t\t\t<div class=\"hb-skill-meter\">\n\t\t\t\t<div class=\"hb-skill-meter-title\">\n\t\t\t\t\t<span class=\"bar-title\"> Flughafen Wien<\/span>\n\t\t\t\t\t<span class=\"progress-value\"\"><span class=\"value\">20<\/span> min<\/span>\n\t\t\t\t<\/div>\n\n\t\t\t\t<div class=\"hb-progress-bar\">\n\t\t\t\t\t<span class=\"progress-outer\" data-width=\"20\">\n\t\t\t\t\t\t<span class=\"progress-inner\"><\/span>\n\t\t\t\t\t<\/span>\n\t\t\t\t<\/div>\n\t\t\t<\/div>\n\t\t\n\t\t\t<div class=\"hb-skill-meter\">\n\t\t\t\t<div class=\"hb-skill-meter-title\">\n\t\t\t\t\t<span class=\"bar-title\"> Messe Austria (Reed Exhibitions)<\/span>\n\t\t\t\t\t<span class=\"progress-value\"\"><span class=\"value\">25<\/span> min<\/span>\n\t\t\t\t<\/div>\n\n\t\t\t\t<div class=\"hb-progress-bar\">\n\t\t\t\t\t<span class=\"progress-outer\" data-width=\"25\">\n\t\t\t\t\t\t<span class=\"progress-inner\"><\/span>\n\t\t\t\t\t<\/span>\n\t\t\t\t<\/div>\n\t\t\t<\/div>\n\t\t\n\t\t\t<div class=\"hb-skill-meter\">\n\t\t\t\t<div class=\"hb-skill-meter-title\">\n\t\t\t\t\t<span class=\"bar-title\"> Austria Center Wien (Konferenzzentrum)<\/span>\n\t\t\t\t\t<span class=\"progress-value\"\"><span class=\"value\">25<\/span> min<\/span>\n\t\t\t\t<\/div>\n\n\t\t\t\t<div class=\"hb-progress-bar\">\n\t\t\t\t\t<span class=\"progress-outer\" data-width=\"25\">\n\t\t\t\t\t\t<span class=\"progress-inner\"><\/span>\n\t\t\t\t\t<\/span>\n\t\t\t\t<\/div>\n\t\t\t<\/div>\n\t\t\n\t\t\t<div class=\"hb-skill-meter\">\n\t\t\t\t<div class=\"hb-skill-meter-title\">\n\t\t\t\t\t<span class=\"bar-title\"> United Nations Hauptquartier (VIC)<\/span>\n\t\t\t\t\t<span class=\"progress-value\"\"><span class=\"value\">25<\/span> min<\/span>\n\t\t\t\t<\/div>\n\n\t\t\t\t<div class=\"hb-progress-bar\">\n\t\t\t\t\t<span class=\"progress-outer\" data-width=\"25\">\n\t\t\t\t\t\t<span class=\"progress-inner\"><\/span>\n\t\t\t\t\t<\/span>\n\t\t\t\t<\/div>\n\t\t\t<\/div>\n\t\t[\/vc_column][\/vc_row][vc_row][vc_column]<div class=\"fw-section without-border\" style=\"\"><div class=\"shortcode-wrapper shortcode-map-embed clearfix\"><div class=\"map-wrapper shadow\"><div class=\"hb-gmap-map\" data-api-key=\"AIzaSyDh4L4fTSzJHKEp5upPtkawodK6BuFB6ic\" data-show-location=\"-1\" data-map-level=\"15\" data-map-lat=\"48.182269\" data-map-lng=\"16.373717\" data-map-img=\"\" data-overlay-color=\"#214b00\" style=\"height:380px;\"><\/div><\/div><\/div><\/div>[\/vc_column][\/vc_row][vc_row top_margin=&#8221;0&#8243; bottom_margin=&#8221;0&#8243; css=&#8221;.vc_custom_1463737543671{margin-top: 40px !important;margin-bottom: 00px !important;}&#8221;][vc_column width=&#8221;1\/2&#8243;][vc_column_text]Die Zeit, die einem zur Verf\u00fcgung steht, ist oft ein knappes und wertvolles Gut, besonders dann, wenn Sie auf Gesch\u00e4ftsreise sind. Dann finden Sie es vermutlich gut, dass Ihr SKY9 Business Apartment <strong>nur 20 Minuten Taxifahrt vom Flughafen entfernt<\/strong> befindet. Auch zwei Fernverkehrsz\u00fcge verkehren zwischen dem Wiener Hauptbahnhof und dem Flughafen Wien, und ben\u00f6tigen daf\u00fcr gerade einmal 18 Minuten. Die <strong>Messe Austria, das Vienna International Center und das Hauptquartier der Vereinten Nationen sind mit der U-Bahn in 25 Minuten erreichbar<\/strong>.<br \/>\nWir hoffen, dass Sie w\u00e4hrend Ihres Aufenthalts in unserer Ferienwohnung in Wien keine Apotheke oder polizeiliche Hilfe ben\u00f6tigen. Sollte dennoch ein Notfall eintreten, so finden Sie beide Einrichtungen in der unmittelbaren Umgebung unserer Serviced Apartments.[\/vc_column_text][\/vc_column][vc_column width=&#8221;1\/2&#8243; css=&#8221;.vc_custom_1463737903201{padding-left: 20px !important;}&#8221;][vc_empty_space]\n\t\t\t<div class=\"hb-skill-meter\">\n\t\t\t\t<div class=\"hb-skill-meter-title\">\n\t\t\t\t\t<span class=\"bar-title\"> Supermarkt<\/span>\n\t\t\t\t\t<span class=\"progress-value\"\"><span class=\"value\">1<\/span> min<\/span>\n\t\t\t\t<\/div>\n\n\t\t\t\t<div class=\"hb-progress-bar\">\n\t\t\t\t\t<span class=\"progress-outer\" data-width=\"1\">\n\t\t\t\t\t\t<span class=\"progress-inner\"><\/span>\n\t\t\t\t\t<\/span>\n\t\t\t\t<\/div>\n\t\t\t<\/div>\n\t\t\n\t\t\t<div class=\"hb-skill-meter\">\n\t\t\t\t<div class=\"hb-skill-meter-title\">\n\t\t\t\t\t<span class=\"bar-title\"> Restaurant<\/span>\n\t\t\t\t\t<span class=\"progress-value\"\"><span class=\"value\">1<\/span> min<\/span>\n\t\t\t\t<\/div>\n\n\t\t\t\t<div class=\"hb-progress-bar\">\n\t\t\t\t\t<span class=\"progress-outer\" data-width=\"1\">\n\t\t\t\t\t\t<span class=\"progress-inner\"><\/span>\n\t\t\t\t\t<\/span>\n\t\t\t\t<\/div>\n\t\t\t<\/div>\n\t\t\n\t\t\t<div class=\"hb-skill-meter\">\n\t\t\t\t<div class=\"hb-skill-meter-title\">\n\t\t\t\t\t<span class=\"bar-title\"> Polizeistation<\/span>\n\t\t\t\t\t<span class=\"progress-value\"\"><span class=\"value\">1<\/span> min<\/span>\n\t\t\t\t<\/div>\n\n\t\t\t\t<div class=\"hb-progress-bar\">\n\t\t\t\t\t<span class=\"progress-outer\" data-width=\"1\">\n\t\t\t\t\t\t<span class=\"progress-inner\"><\/span>\n\t\t\t\t\t<\/span>\n\t\t\t\t<\/div>\n\t\t\t<\/div>\n\t\t\n\t\t\t<div class=\"hb-skill-meter\">\n\t\t\t\t<div class=\"hb-skill-meter-title\">\n\t\t\t\t\t<span class=\"bar-title\"> Apotheke<\/span>\n\t\t\t\t\t<span class=\"progress-value\"\"><span class=\"value\">1<\/span> min<\/span>\n\t\t\t\t<\/div>\n\n\t\t\t\t<div class=\"hb-progress-bar\">\n\t\t\t\t\t<span class=\"progress-outer\" data-width=\"1\">\n\t\t\t\t\t\t<span class=\"progress-inner\"><\/span>\n\t\t\t\t\t<\/span>\n\t\t\t\t<\/div>\n\t\t\t<\/div>\n\t\t[\/vc_column][\/vc_row][vc_row fullwidth=&#8221;yes&#8221; waved_border_top=&#8221;yes&#8221; waved_border_bottom=&#8221;yes&#8221; top_margin=&#8221;0&#8243; bottom_margin=&#8221;0&#8243; css=&#8221;.vc_custom_1499445278240{padding-top: 30px !important;}&#8221; background_color=&#8221;#ffffff&#8221;][vc_column]<div class=\"shortcode-wrapper shortcode-title clearfix\"><h2 class=\"aligncenter\">F\u00fcnf Fakten zum Hauptbahnhof Wien<\/h2><\/div>[vc_empty_space height=&#8221;25px&#8221;][vc_raw_html]JTNDZGl2JTIwY2xhc3MlM0QlMjJoYi1wcm9jZXNzLXN0ZXBzJTIwY2xlYXJmaXglMjBzdGVwcy01JTIwJTIyJTNFJTNDdWwlMjBjbGFzcyUzRCUyMmhiLXByb2Nlc3MlMjIlM0UlM0NsaSUzRSUzQ2RpdiUyMGNsYXNzJTNEJTIyZmVhdHVyZS1ib3glMjBhbGlnbmNlbnRlciUyMiUzRSUzQ2klMjBjbGFzcyUzRCUyMmhiLW1vb24tbG9jYXRpb24tMiUyMGljLWhvbGRlci0xJTIyJTNFJTNDJTJGaSUzRSUzQ3AlM0VTaWUlMjBlcnJlaWNoZW4lMjBkYXMlMjBTdGFkdHplbnRydW0lMjBpbiUyMG51ciUyMDUlMjBNaW51dGVuJTNBJTIwendlaSUyMFUtQmFobiUyMFN0YXRpb25lbi4lM0MlMkZwJTNFJTNDJTJGZGl2JTNFJTNDJTJGbGklM0UlM0NsaSUzRSUzQ2RpdiUyMGNsYXNzJTNEJTIyZmVhdHVyZS1ib3glMjBhbGlnbmNlbnRlciUyMiUzRSUzQ2klMjBjbGFzcyUzRCUyMmhiLW1vb24tYnVzJTIwaWMtaG9sZGVyLTElMjIlM0UlM0MlMkZpJTNFJTNDcCUzRVNpZSUyMGVycmVpY2hlbiUyMGplZGUlMjBVLUJhaG5saW5pZSUyMG9obmUlMjB1bXN0ZWlnZW4lMjB6dSUyMG0lQzMlQkNzc2VuJTIwbWl0JTIwbWF4aW1hbCUyMGVpbmVtJTIwWnVnLiUzQyUyRnAlM0UlM0MlMkZkaXYlM0UlM0MlMkZsaSUzRSUzQ2xpJTNFJTNDZGl2JTIwY2xhc3MlM0QlMjJmZWF0dXJlLWJveCUyMGFsaWduY2VudGVyJTIyJTNFJTNDaSUyMGNsYXNzJTNEJTIyaGItbW9vbi1jbG9jay0yJTIwaWMtaG9sZGVyLTElMjIlM0UlM0MlMkZpJTNFJTNDcCUzRURlciUyMEhhdXB0YmFobmhvZiUyMGlzdCUyMHZvbiUyMGplZGVyJTIwVS1CYWhuJTIwU3RhdGlvbiUyMGlubmVyaGFsYiUyMHZvbiUyMDMwJTIwTWludXRlbiUyMGVycmVpY2hiYXIuJTNDJTJGcCUzRSUzQyUyRmRpdiUzRSUzQyUyRmxpJTNFJTNDbGklM0UlM0NkaXYlMjBjbGFzcyUzRCUyMmZlYXR1cmUtYm94JTIwYWxpZ25jZW50ZXIlMjIlM0UlM0NpJTIwY2xhc3MlM0QlMjJpY29uLWJ1aWxkaW5nJTIwaWMtaG9sZGVyLTElMjIlM0UlM0MlMkZpJTNFJTNDcCUzRSUwQVNpZSUyMGVycmVpY2hlbiUyMGRhcyUyMFVuaXRlZCUyME5hdGlvbnMlMjBIYXVwdHF1YXJ0aWVyJTIwaW4lMjBudXIlMjAxMiUyME1pbnV0ZW4uJTNDJTJGcCUzRSUzQyUyRmRpdiUzRSUzQyUyRmxpJTNFJTNDbGklM0UlM0NkaXYlMjBjbGFzcyUzRCUyMmZlYXR1cmUtYm94JTIwYWxpZ25jZW50ZXIlMjIlM0UlM0NpJTIwY2xhc3MlM0QlMjJoYi1tb29uLWVhcnRoJTIwaWMtaG9sZGVyLTElMjIlM0UlM0MlMkZpJTNFJTNDcCUzRSUwQVNpZSUyMGhhYmVuJTIwZWluZSUyMGRpcmVrdGUlMjBadWd2ZXJiaW5kdW5nJTIwenUlMjBqZWRlciUyMEhhdXB0c3RhZHQlMjBpbiUyMEV1cm9wYS4lM0MlMkZwJTNFJTNDJTJGZGl2JTNFJTNDJTJGbGklM0UlM0MlMkZ1bCUzRSUzQyUyRmRpdiUzRQ==[\/vc_raw_html][\/vc_column][\/vc_row][vc_row][vc_column]<div class=\"shortcode-wrapper shortcode-title clearfix\"><h4 class=\"hb-heading hb-center-heading aligncenter\"><span>Wiens sch\u00f6nste Sehensw\u00fcrdigkeiten sind nur einen Katzensprung weit weg<\/span><\/h4><\/div><div class=\"shortcode-wrapper shortcode-spacer clearfix\"><div class=\"spacer\" style=\"height:20px;\"><\/div><\/div>[vc_raw_html]JTNDZGl2JTIwY2xhc3MlM0QlMjJ2Y19yb3clMjB3cGJfcm93JTIwdmNfaW5uZXIlMjB2Y19yb3ctZmx1aWQlMjIlM0UlM0NkaXYlMjBjbGFzcyUzRCUyMndwYl9jb2x1bW4lMjB2Y19jb2x1bW5fY29udGFpbmVyJTIwdmNfY29sLXNtLTMlMjIlM0UlM0NkaXYlMjBjbGFzcyUzRCUyMnZjX2NvbHVtbi1pbm5lciUyMiUzRSUzQ2RpdiUyMGNsYXNzJTNEJTIyd3BiX3dyYXBwZXIlMjIlM0UlM0NkaXYlMjBjbGFzcyUzRCUyMnNob3J0Y29kZS13cmFwcGVyJTIwc2hvcnRjb2RlLWJsb2ctYm94ZXMlMjBmbGlwYm94ZXMtdmllbm5hJTIyJTNFJTNDZGl2JTIwY2xhc3MlM0QlMjJoYi1mbGlwYm94LWNvbnRhaW5lciUyMGZsaXAtaG9yaXpvbnRhbCUyMiUyMHN0eWxlJTNEJTIyaGVpZ2h0JTNBJTIwMjYycHglM0IlMjBtaW4taGVpZ2h0JTNBJTIwMTgxcHglM0IlMjIlM0UlMjAlMjAlMjAlMjAlMjAlMjAlM0NkaXYlMjBjbGFzcyUzRCUyMmhiLWZsaXBib3gtZmxpcHBlciUyMiUzRSUzQ2RpdiUyMGNsYXNzJTNEJTIyaGItZmxpcGJveC1mcm9udCUyMCUyMiUyMHN0eWxlJTNEJTIyYmFja2dyb3VuZC1pbWFnZSUzQSUyMHVybCUyOCUyN2h0dHBzJTNBJTJGJTJGd3d3LnNreTktYXBhcnRtZW50cy5jb20lMkZ3cC1jb250ZW50JTJGdXBsb2FkcyUyRjIwMTUlMkYxMiUyRnNreTlfc2lnaHRzZWVpbmdfc2Nob2VuYnJ1bm5fcGFsYWNlLnBuZyUyNyUyOSUzQiUyMiUzRSUyMCUzQ2RpdiUyMGNsYXNzJTNEJTIyaGItZmxpcGJveC1jb250ZW50JTIyJTNFJTIwJTIwJTIwJTIwJTIwJTIwJTIwJTNDaDQlMjBjbGFzcyUzRCUyMm1vZGVybiUyMiUyMHN0eWxlJTNEJTIyZm9udC1zaXplJTNBaW5oZXJpdCUzQiUyMGNvbG9yJTNBaW5oZXJpdCUzQiUyMiUzRSUzQyUyRmg0JTNFJTIwJTIwJTIwJTIwJTIwJTIwJTIwJTNDZGl2JTIwY2xhc3MlM0QlMjJmcm9udC1kZXNjJTIyJTIwc3R5bGUlM0QlMjJmb250LXNpemUlM0Fpbmhlcml0JTNCJTIwY29sb3IlM0Fpbmhlcml0JTNCJTIyJTNFJTNDJTJGZGl2JTNFJTIwJTNDJTJGZGl2JTNFJTNDJTJGZGl2JTNFJTNDZGl2JTIwY2xhc3MlM0QlMjJoYi1mbGlwYm94LWJhY2slMjIlMjBzdHlsZSUzRCUyMmJhY2tncm91bmQtaW1hZ2UlM0ElMjB1cmwlMjglMjdodHRwcyUzQSUyRiUyRnd3dy5za3k5LWFwYXJ0bWVudHMuY29tJTJGd3AtY29udGVudCUyRnVwbG9hZHMlMkYyMDE1JTJGMTIlMkZza3k5X3NpZ2h0c2VlaW5nX3NjaG9lbmJydW5uX3BhbGFjZV9pbnZlcnRlZC5wbmclMjclMjklM0IlMjIlM0UlMjAlMjAlM0NkaXYlMjBjbGFzcyUzRCUyMmhiLWZsaXBib3gtY29udGVudCUyMiUzRSUyMCUyMCUyMCUyMCUyMCUyMCUyMCUyMCUzQ2g0JTIwY2xhc3MlM0QlMjJtb2Rlcm4lMjIlMjBzdHlsZSUzRCUyMmZvbnQtc2l6ZSUzQWluaGVyaXQlM0IlMjBjb2xvciUzQWluaGVyaXQlM0IlMjIlM0VTY2hsb3NzJTIwU2NoJUMzJUI2bmJydW5uJTNDYnIlM0UlMEExNSUyME1pbiUyMGVudGZlcm50JTNDJTJGaDQlM0UlMjAlMjAlMjAlMjAlMjAlMjAlMjAlMjAlM0NkaXYlMjBjbGFzcyUzRCUyMmJhY2stZGVzYyUyMiUyMHN0eWxlJTNEJTIyZm9udC1zaXplJTNBaW5oZXJpdCUzQiUyMGNvbG9yJTNBaW5oZXJpdCUzQiUyMCUyMiUzRURhcyUyMHNwZWt0YWt1bCVDMyVBNHJlJTIwU2NobG9zcyUyMFNjaCVDMyVCNm5icnVubiUyMGdlaCVDMyVCNnJ0JTIwenVtJTIwVU5FU0NPLVdlbHRrdWx0dXJlcmJlJTIwLi4uJTNDJTJGZGl2JTNFJTNDYSUyMGhyZWYlM0QlMjJodHRwcyUzQSUyRiUyRnd3dy5za3k5LWFwYXJ0bWVudHMuY29tJTJGZGUlMkZzZWhlbnN3dWVyZGlna2VpdGVuLWluLXdpZW4lMjIlMjBjbGFzcyUzRCUyMmhiLWJ1dHRvbiUyMG5vLXRocmVlLWQlMjBoYi1zZWNvbmQtZGFyayUyMiUyMHRhcmdldCUzRCUyMl9zZWxmJTIyJTNFTWVociUyMGxlc2VuJTIwJTNDJTJGYSUzRSUyMCUyMCUzQyUyRmRpdiUzRSUzQyUyRmRpdiUzRSUyMCUyMCUyMCUyMCUyMCUyMCUyMCUyMCUyMCUyMCUyMCUyMCUzQ2RpdiUyMGNsYXNzJTNEJTIyY2xlYXJib3RoJTIyJTNFJTNDJTJGZGl2JTNFJTIwJTIwJTIwJTIwJTIwJTIwJTNDJTJGZGl2JTNFJTNDJTJGZGl2JTNFJTNDJTJGZGl2JTNFJTNDJTJGZGl2JTNFJTNDJTJGZGl2JTNFJTNDJTJGZGl2JTNFJTNDZGl2JTIwY2xhc3MlM0QlMjJ3cGJfY29sdW1uJTIwdmNfY29sdW1uX2NvbnRhaW5lciUyMHZjX2NvbC1zbS0zJTIyJTNFJTNDZGl2JTIwY2xhc3MlM0QlMjJ2Y19jb2x1bW4taW5uZXIlMjIlM0UlM0NkaXYlMjBjbGFzcyUzRCUyMndwYl93cmFwcGVyJTIyJTNFJTNDZGl2JTIwY2xhc3MlM0QlMjJzaG9ydGNvZGUtd3JhcHBlciUyMHNob3J0Y29kZS1ibG9nLWJveGVzJTIwZmxpcGJveGVzLXZpZW5uYSUyMiUzRSUzQ2RpdiUyMGNsYXNzJTNEJTIyaGItZmxpcGJveC1jb250YWluZXIlMjBmbGlwLWhvcml6b250YWwlMjIlMjBzdHlsZSUzRCUyMmhlaWdodCUzQSUyMDI2MnB4JTNCJTIwbWluLWhlaWdodCUzQSUyMDE4MXB4JTNCJTIyJTNFJTIwJTIwJTIwJTIwJTIwJTIwJTNDZGl2JTIwY2xhc3MlM0QlMjJoYi1mbGlwYm94LWZsaXBwZXIlMjIlM0UlM0NkaXYlMjBjbGFzcyUzRCUyMmhiLWZsaXBib3gtZnJvbnQlMjAlMjIlMjBzdHlsZSUzRCUyMmJhY2tncm91bmQtaW1hZ2UlM0ElMjB1cmwlMjglMjdodHRwcyUzQSUyRiUyRnd3dy5za3k5LWFwYXJ0bWVudHMuY29tJTJGd3AtY29udGVudCUyRnVwbG9hZHMlMkYyMDE1JTJGMTIlMkZza3k5X3NpZ2h0c2VlaW5nX2JlbHZlZGVyZV9wYWxhY2UucG5nJTI3JTI5JTNCJTIyJTNFJTIwJTNDZGl2JTIwY2xhc3MlM0QlMjJoYi1mbGlwYm94LWNvbnRlbnQlMjIlM0UlMjAlMjAlMjAlMjAlMjAlMjAlMjAlM0NoNCUyMGNsYXNzJTNEJTIybW9kZXJuJTIyJTIwc3R5bGUlM0QlMjJmb250LXNpemUlM0Fpbmhlcml0JTNCJTIwY29sb3IlM0Fpbmhlcml0JTNCJTIyJTNFJTNDJTJGaDQlM0UlMjAlMjAlMjAlMjAlMjAlMjAlMjAlM0NkaXYlMjBjbGFzcyUzRCUyMmZyb250LWRlc2MlMjIlMjBzdHlsZSUzRCUyMmZvbnQtc2l6ZSUzQWluaGVyaXQlM0IlMjBjb2xvciUzQWluaGVyaXQlM0IlMjIlM0UlM0MlMkZkaXYlM0UlMjAlM0MlMkZkaXYlM0UlM0MlMkZkaXYlM0UlM0NkaXYlMjBjbGFzcyUzRCUyMmhiLWZsaXBib3gtYmFjayUyMiUyMHN0eWxlJTNEJTIyYmFja2dyb3VuZC1pbWFnZSUzQSUyMHVybCUyOCUyN2h0dHBzJTNBJTJGJTJGd3d3LnNreTktYXBhcnRtZW50cy5jb20lMkZ3cC1jb250ZW50JTJGdXBsb2FkcyUyRjIwMTUlMkYxMiUyRnNreTlfc2lnaHRzZWVpbmdfYmVsdmVkZXJlX3BhbGFjZV9pbnZlcnRlZC5wbmclMjclMjklM0IlMjIlM0UlMjAlMjAlM0NkaXYlMjBjbGFzcyUzRCUyMmhiLWZsaXBib3gtY29udGVudCUyMiUzRSUyMCUyMCUyMCUyMCUyMCUyMCUyMCUyMCUzQ2g0JTIwY2xhc3MlM0QlMjJtb2Rlcm4lMjIlMjBzdHlsZSUzRCUyMmZvbnQtc2l6ZSUzQWluaGVyaXQlM0IlMjBjb2xvciUzQWluaGVyaXQlM0IlMjIlM0VTY2hsb3NzJTIwQmVsdmVkZXJlJTNDYnIlM0UlMEExMCUyME1pbiUyMGVudGZlcm50JTNDJTJGaDQlM0UlMjAlMjAlMjAlMjAlMjAlMjAlMjAlMjAlM0NkaXYlMjBjbGFzcyUzRCUyMmJhY2stZGVzYyUyMiUyMHN0eWxlJTNEJTIyZm9udC1zaXplJTNBaW5oZXJpdCUzQiUyMGNvbG9yJTNBaW5oZXJpdCUzQiUyMCUyMiUzRURhcyUyMGltJTIwMTcuJTIwSmFocmh1bmRlcnQlMjB2b24lMjBQcmlueiUyMEV1Z2VuJTIwZXJiYXV0ZSUyMFNjaGxvc3MlMjBCZWx2ZWRlcmUlMjBnZWglQzMlQjZydCUyMHp1JTIwLi4uJTNDJTJGZGl2JTNFJTNDYSUyMGhyZWYlM0QlMjJodHRwcyUzQSUyRiUyRnd3dy5za3k5LWFwYXJ0bWVudHMuY29tJTJGZGUlMkZzZWhlbnN3dWVyZGlna2VpdGVuLWluLXdpZW4lMjIlMjBjbGFzcyUzRCUyMmhiLWJ1dHRvbiUyMG5vLXRocmVlLWQlMjBoYi1zZWNvbmQtZGFyayUyMiUyMHRhcmdldCUzRCUyMl9zZWxmJTIyJTNFTWVociUyMGxlc2VuJTNDJTJGYSUzRSUyMCUyMCUzQyUyRmRpdiUzRSUzQyUyRmRpdiUzRSUyMCUyMCUyMCUyMCUyMCUyMCUyMCUyMCUyMCUyMCUyMCUyMCUzQ2RpdiUyMGNsYXNzJTNEJTIyY2xlYXJib3RoJTIyJTNFJTNDJTJGZGl2JTNFJTIwJTIwJTIwJTIwJTIwJTIwJTNDJTJGZGl2JTNFJTNDJTJGZGl2JTNFJTNDJTJGZGl2JTNFJTNDJTJGZGl2JTNFJTNDJTJGZGl2JTNFJTNDJTJGZGl2JTNFJTNDZGl2JTIwY2xhc3MlM0QlMjJ3cGJfY29sdW1uJTIwdmNfY29sdW1uX2NvbnRhaW5lciUyMHZjX2NvbC1zbS0zJTIyJTNFJTNDZGl2JTIwY2xhc3MlM0QlMjJ2Y19jb2x1bW4taW5uZXIlMjIlM0UlM0NkaXYlMjBjbGFzcyUzRCUyMndwYl93cmFwcGVyJTIyJTNFJTNDZGl2JTIwY2xhc3MlM0QlMjJzaG9ydGNvZGUtd3JhcHBlciUyMHNob3J0Y29kZS1ibG9nLWJveGVzJTIwZmxpcGJveGVzLXZpZW5uYSUyMiUzRSUzQ2RpdiUyMGNsYXNzJTNEJTIyaGItZmxpcGJveC1jb250YWluZXIlMjBmbGlwLWhvcml6b250YWwlMjIlMjBzdHlsZSUzRCUyMmhlaWdodCUzQSUyMDI2MnB4JTNCJTIwbWluLWhlaWdodCUzQSUyMDE4MXB4JTNCJTIyJTNFJTIwJTIwJTIwJTIwJTIwJTIwJTNDZGl2JTIwY2xhc3MlM0QlMjJoYi1mbGlwYm94LWZsaXBwZXIlMjIlM0UlM0NkaXYlMjBjbGFzcyUzRCUyMmhiLWZsaXBib3gtZnJvbnQlMjAlMjIlMjBzdHlsZSUzRCUyMmJhY2tncm91bmQtaW1hZ2UlM0ElMjB1cmwlMjglMjdodHRwcyUzQSUyRiUyRnd3dy5za3k5LWFwYXJ0bWVudHMuY29tJTJGd3AtY29udGVudCUyRnVwbG9hZHMlMkYyMDE1JTJGMTIlMkZza3k5X3NpZ2h0c2VlaW5nX3N0ZXBoYW5zX2NhdGhlZHJhbC5wbmclMjclMjklM0IlMjIlM0UlMjAlM0NkaXYlMjBjbGFzcyUzRCUyMmhiLWZsaXBib3gtY29udGVudCUyMiUzRSUyMCUyMCUyMCUyMCUyMCUyMCUyMCUzQ2g0JTIwY2xhc3MlM0QlMjJtb2Rlcm4lMjIlMjBzdHlsZSUzRCUyMmZvbnQtc2l6ZSUzQWluaGVyaXQlM0IlMjBjb2xvciUzQWluaGVyaXQlM0IlMjIlM0UlM0MlMkZoNCUzRSUyMCUyMCUyMCUyMCUyMCUyMCUyMCUzQ2RpdiUyMGNsYXNzJTNEJTIyZnJvbnQtZGVzYyUyMiUyMHN0eWxlJTNEJTIyZm9udC1zaXplJTNBaW5oZXJpdCUzQiUyMGNvbG9yJTNBaW5oZXJpdCUzQiUyMiUzRSUzQyUyRmRpdiUzRSUyMCUzQyUyRmRpdiUzRSUzQyUyRmRpdiUzRSUzQ2RpdiUyMGNsYXNzJTNEJTIyaGItZmxpcGJveC1iYWNrJTIyJTIwc3R5bGUlM0QlMjJiYWNrZ3JvdW5kLWltYWdlJTNBJTIwdXJsJTI4JTI3aHR0cHMlM0ElMkYlMkZ3d3cuc2t5OS1hcGFydG1lbnRzLmNvbSUyRndwLWNvbnRlbnQlMkZ1cGxvYWRzJTJGMjAxNSUyRjEyJTJGc2t5OV9zaWdodHNlZWluZ19zdGVwaGFuc19jYXRoZWRyYWxfaW52ZXJ0ZWQucG5nJTI3JTI5JTNCJTIyJTNFJTIwJTIwJTNDZGl2JTIwY2xhc3MlM0QlMjJoYi1mbGlwYm94LWNvbnRlbnQlMjIlM0UlMjAlMjAlMjAlMjAlMjAlMjAlMjAlMjAlM0NoNCUyMGNsYXNzJTNEJTIybW9kZXJuJTIyJTIwc3R5bGUlM0QlMjJmb250LXNpemUlM0Fpbmhlcml0JTNCJTIwY29sb3IlM0Fpbmhlcml0JTNCJTIyJTNFU3RlcGhhbnNkb20lM0NiciUzRSUwQTEzJTIwTWluJTIwZW50ZmVybnQlM0MlMkZoNCUzRSUyMCUyMCUyMCUyMCUyMCUyMCUyMCUyMCUzQ2RpdiUyMGNsYXNzJTNEJTIyYmFjay1kZXNjJTIyJTIwc3R5bGUlM0QlMjJmb250LXNpemUlM0Fpbmhlcml0JTNCJTIwY29sb3IlM0Fpbmhlcml0JTNCJTIwJTIyJTNFRGVyJTIwYmVlaW5kcnVja2VuZGUlMjBEb20lMjBpbSUyMGdvdGlzY2hlbiUyMFN0aWwlMjBpc3QlMjBkZXIlMjBnZW9ncmFmaXNjaGUlMjBNaXR0ZWxwdW5rdCUyMC4uLiUzQyUyRmRpdiUzRSUzQ2ElMjBocmVmJTNEJTIyaHR0cHMlM0ElMkYlMkZ3d3cuc2t5OS1hcGFydG1lbnRzLmNvbSUyRmRlJTJGc2VoZW5zd3VlcmRpZ2tlaXRlbi1pbi13aWVuJTIyJTIwY2xhc3MlM0QlMjJoYi1idXR0b24lMjBuby10aHJlZS1kJTIwaGItc2Vjb25kLWRhcmslMjIlMjB0YXJnZXQlM0QlMjJfc2VsZiUyMiUzRU1laHIlMjBsZXNlbiUzQyUyRmElM0UlMjAlMjAlM0MlMkZkaXYlM0UlM0MlMkZkaXYlM0UlMjAlMjAlMjAlMjAlMjAlMjAlMjAlMjAlMjAlMjAlMjAlMjAlM0NkaXYlMjBjbGFzcyUzRCUyMmNsZWFyYm90aCUyMiUzRSUzQyUyRmRpdiUzRSUyMCUyMCUyMCUyMCUyMCUyMCUzQyUyRmRpdiUzRSUzQyUyRmRpdiUzRSUzQyUyRmRpdiUzRSUzQyUyRmRpdiUzRSUzQyUyRmRpdiUzRSUzQyUyRmRpdiUzRSUzQ2RpdiUyMGNsYXNzJTNEJTIyd3BiX2NvbHVtbiUyMHZjX2NvbHVtbl9jb250YWluZXIlMjB2Y19jb2wtc20tMyUyMiUzRSUzQ2RpdiUyMGNsYXNzJTNEJTIydmNfY29sdW1uLWlubmVyJTIyJTNFJTNDZGl2JTIwY2xhc3MlM0QlMjJ3cGJfd3JhcHBlciUyMiUzRSUzQ2RpdiUyMGNsYXNzJTNEJTIyc2hvcnRjb2RlLXdyYXBwZXIlMjBzaG9ydGNvZGUtYmxvZy1ib3hlcyUyMGZsaXBib3hlcy12aWVubmElMjIlM0UlM0NkaXYlMjBjbGFzcyUzRCUyMmhiLWZsaXBib3gtY29udGFpbmVyJTIwZmxpcC1ob3Jpem9udGFsJTIyJTIwc3R5bGUlM0QlMjJoZWlnaHQlM0ElMjAyNjJweCUzQiUyMG1pbi1oZWlnaHQlM0ElMjAxODFweCUzQiUyMiUzRSUyMCUyMCUyMCUyMCUyMCUyMCUzQ2RpdiUyMGNsYXNzJTNEJTIyaGItZmxpcGJveC1mbGlwcGVyJTIyJTNFJTNDZGl2JTIwY2xhc3MlM0QlMjJoYi1mbGlwYm94LWZyb250JTIwJTIyJTIwc3R5bGUlM0QlMjJiYWNrZ3JvdW5kLWltYWdlJTNBJTIwdXJsJTI4JTI3aHR0cHMlM0ElMkYlMkZ3d3cuc2t5OS1hcGFydG1lbnRzLmNvbSUyRndwLWNvbnRlbnQlMkZ1cGxvYWRzJTJGMjAxNSUyRjEyJTJGc2t5OV9zaWdodHNlZWluZ19wcmF0ZXIucG5nJTI3JTI5JTNCJTIyJTNFJTIwJTNDZGl2JTIwY2xhc3MlM0QlMjJoYi1mbGlwYm94LWNvbnRlbnQlMjIlM0UlMjAlMjAlMjAlMjAlMjAlMjAlMjAlM0NoNCUyMGNsYXNzJTNEJTIybW9kZXJuJTIyJTIwc3R5bGUlM0QlMjJmb250LXNpemUlM0Fpbmhlcml0JTNCJTIwY29sb3IlM0Fpbmhlcml0JTNCJTIyJTNFJTNDJTJGaDQlM0UlMjAlMjAlMjAlMjAlMjAlMjAlMjAlM0NkaXYlMjBjbGFzcyUzRCUyMmZyb250LWRlc2MlMjIlMjBzdHlsZSUzRCUyMmZvbnQtc2l6ZSUzQWluaGVyaXQlM0IlMjBjb2xvciUzQWluaGVyaXQlM0IlMjIlM0UlM0MlMkZkaXYlM0UlMjAlM0MlMkZkaXYlM0UlM0MlMkZkaXYlM0UlM0NkaXYlMjBjbGFzcyUzRCUyMmhiLWZsaXBib3gtYmFjayUyMiUyMHN0eWxlJTNEJTIyYmFja2dyb3VuZC1pbWFnZSUzQSUyMHVybCUyOCUyN2h0dHBzJTNBJTJGJTJGd3d3LnNreTktYXBhcnRtZW50cy5jb20lMkZ3cC1jb250ZW50JTJGdXBsb2FkcyUyRjIwMTUlMkYxMiUyRnNreTlfc2lnaHRzZWVpbmdfcHJhdGVyX2ludmVydGVkLnBuZyUyNyUyOSUzQiUyMiUzRSUyMCUyMCUzQ2RpdiUyMGNsYXNzJTNEJTIyaGItZmxpcGJveC1jb250ZW50JTIyJTNFJTIwJTIwJTIwJTIwJTIwJTIwJTIwJTIwJTNDaDQlMjBjbGFzcyUzRCUyMm1vZGVybiUyMiUyMHN0eWxlJTNEJTIyZm9udC1zaXplJTNBaW5oZXJpdCUzQiUyMGNvbG9yJTNBaW5oZXJpdCUzQiUyMiUzRVByYXRlciUzQ2JyJTNFJTBBMTUlMjBNaW4lMjBlbnRmZXJudCUzQyUyRmg0JTNFJTIwJTIwJTIwJTIwJTIwJTIwJTIwJTIwJTNDZGl2JTIwY2xhc3MlM0QlMjJiYWNrLWRlc2MlMjIlMjBzdHlsZSUzRCUyMmZvbnQtc2l6ZSUzQWluaGVyaXQlM0IlMjBjb2xvciUzQWluaGVyaXQlM0IlMjAlMjIlM0VXZW5uJTIwbWFuJTIwZGVuJTIwUHJhdGVyJTIwYmVzdWNodCUyQyUyMGxlcm50JTIwbWFuJTIwZWluZSUyMG5ldWUlMjBTZWl0ZSUyMHZvbiUyMFdpZW4lMjBrZW5uZW4lMjAuLi4lM0MlMkZkaXYlM0UlM0NhJTIwaHJlZiUzRCUyMmh0dHBzJTNBJTJGJTJGd3d3LnNreTktYXBhcnRtZW50cy5jb20lMkZkZSUyRnNlaGVuc3d1ZXJkaWdrZWl0ZW4taW4td2llbiUyMiUyMGNsYXNzJTNEJTIyaGItYnV0dG9uJTIwbm8tdGhyZWUtZCUyMGhiLXNlY29uZC1kYXJrJTIyJTIwdGFyZ2V0JTNEJTIyX3NlbGYlMjIlM0VNZWhyJTIwbGVzZW4lM0MlMkZhJTNFJTIwJTIwJTNDJTJGZGl2JTNFJTNDJTJGZGl2JTNFJTIwJTIwJTIwJTIwJTIwJTIwJTIwJTIwJTIwJTIwJTIwJTIwJTNDZGl2JTIwY2xhc3MlM0QlMjJjbGVhcmJvdGglMjIlM0UlM0MlMkZkaXYlM0UlMjAlMjAlMjAlMjAlMjAlMjAlM0MlMkZkaXYlM0UlM0MlMkZkaXYlM0UlM0MlMkZkaXYlM0UlM0MlMkZkaXYlM0UlM0MlMkZkaXYlM0UlM0MlMkZkaXYlM0UlM0MlMkZkaXYlM0U=[\/vc_raw_html][\/vc_column][\/vc_row]\n<\/section>","protected":false},"excerpt":{"rendered":"<p>[vc_row][vc_column width=&#8221;1\/2&#8243; animation_delay=&#8221;1000&#8243;][vc_column_text]Perfekte \u00f6ffentliche Verkehrsanbindung \u2013 nur zw\u00f6lf Minuten zum Stadtzentrum! All unsere Serviced Apartments befinden sich in der N\u00e4he [&hellip;]<\/p>\n","protected":false},"author":17,"featured_media":0,"parent":0,"menu_order":0,"comment_status":"closed","ping_status":"closed","template":"","meta":[],"_links":{"self":[{"href":"https:\/\/sky.safetybis.com\/de\/wp-json\/wp\/v2\/pages\/6943"}],"collection":[{"href":"https:\/\/sky.safetybis.com\/de\/wp-json\/wp\/v2\/pages"}],"about":[{"href":"https:\/\/sky.safetybis.com\/de\/wp-json\/wp\/v2\/types\/page"}],"author":[{"embeddable":true,"href":"https:\/\/sky.safetybis.com\/de\/wp-json\/wp\/v2\/users\/17"}],"replies":[{"embeddable":true,"href":"https:\/\/sky.safetybis.com\/de\/wp-json\/wp\/v2\/comments?post=6943"}],"version-history":[{"count":23,"href":"https:\/\/sky.safetybis.com\/de\/wp-json\/wp\/v2\/pages\/6943\/revisions"}],"predecessor-version":[{"id":12237,"href":"https:\/\/sky.safetybis.com\/de\/wp-json\/wp\/v2\/pages\/6943\/revisions\/12237"}],"wp:attachment":[{"href":"https:\/\/sky.safetybis.com\/de\/wp-json\/wp\/v2\/media?parent=6943"}],"curies":[{"name":"wp","href":"https:\/\/api.w.org\/{rel}","templated":true}]}}