{"id":7625,"date":"2016-12-29T11:07:23","date_gmt":"2016-12-29T11:07:23","guid":{"rendered":"https:\/\/www.sky9-apartments.com\/de\/?page_id=7625"},"modified":"2022-03-30T19:02:16","modified_gmt":"2022-03-30T19:02:16","slug":"jobs","status":"publish","type":"page","link":"https:\/\/sky.safetybis.com\/de\/kontakt\/jobs\/","title":{"rendered":"Jobs"},"content":{"rendered":"<section class=\"wpb-content-wrapper\">[vc_row][vc_column][vc_column_text]F\u00fcr den Ausbau unseres Standorts in der N\u00e4he des Hauptbahnhofs suchen wir interessante Pers\u00f6nlichkeiten f\u00fcr unterschiedlichste Disziplinen und auf unterschiedlichen Karriere-Leveln. Erfahrungen in einem Hotel und\/oder in der Tourismusbranche sind\u00a0von Vorteil<\/p>\n<p>Mit Ihrem\u00a0pers\u00f6nlichen Anschreiben geben Sie uns die M\u00f6glichkeit, hinter Ihren Lebenslauf zu blicken und Ihre Leidenschaft zu erkennen.<\/p>\n<p><strong>Derzeit suchen wir:<\/strong>[\/vc_column_text]<a href=\"senior-operations-manager-m-w-teilzeit-30-385h-woche\" class=\"hb-button hb-default hb-default-button no-three-d\" target=\"_self\" style=\"-webkit-border-radius: 4px;-moz-border-radius: 4px;border-radius: 4px;\"><i class=\"hb-moon-users-4\"><\/i>Senior Operations Manager (m\/w)<\/a>[vc_empty_space height=&#8221;20px&#8221;]<a href=\"reinigungskraft\" class=\"hb-button hb-default hb-default-button no-three-d\" target=\"_self\" style=\"-webkit-border-radius: 4px;-moz-border-radius: 4px;border-radius: 4px;\"><i class=\"hb-moon-users-4\"><\/i>Reinigungskraft \/ Zimmerm\u00e4dchen \/ Stubenm\u00e4dchen<\/a>[vc_empty_space height=&#8221;20px&#8221;]<a href=\"assistenz-geschaeftsfuehrung\" class=\"hb-button hb-default hb-default-button no-three-d\" target=\"_self\" style=\"-webkit-border-radius: 4px;-moz-border-radius: 4px;border-radius: 4px;\"><i class=\"hb-moon-users-4\"><\/i>Administration \/ Assistenz der Gesch\u00e4ftsf\u00fchrung<\/a>[vc_empty_space][vc_column_text]<strong>Dein Wunschjob ist gerade nicht ausgeschrieben? Hast Du den Anspruch, quer zu denken?<\/strong><br \/>\nWir sind immer an ehrgeizigen und talentierten Leuten interessiert. Sende deine aussagekr\u00e4ftige Bewerbung an: office@sky9-apartments.com[\/vc_column_text][\/vc_column][\/vc_row]\n<\/section>","protected":false},"excerpt":{"rendered":"<p>[vc_row][vc_column][vc_column_text]F\u00fcr den Ausbau unseres Standorts in der N\u00e4he des Hauptbahnhofs suchen wir interessante Pers\u00f6nlichkeiten f\u00fcr unterschiedlichste Disziplinen und auf unterschiedlichen [&hellip;]<\/p>\n","protected":false},"author":17,"featured_media":0,"parent":6989,"menu_order":0,"comment_status":"closed","ping_status":"closed","template":"","meta":[],"_links":{"self":[{"href":"https:\/\/sky.safetybis.com\/de\/wp-json\/wp\/v2\/pages\/7625"}],"collection":[{"href":"https:\/\/sky.safetybis.com\/de\/wp-json\/wp\/v2\/pages"}],"about":[{"href":"https:\/\/sky.safetybis.com\/de\/wp-json\/wp\/v2\/types\/page"}],"author":[{"embeddable":true,"href":"https:\/\/sky.safetybis.com\/de\/wp-json\/wp\/v2\/users\/17"}],"replies":[{"embeddable":true,"href":"https:\/\/sky.safetybis.com\/de\/wp-json\/wp\/v2\/comments?post=7625"}],"version-history":[{"count":10,"href":"https:\/\/sky.safetybis.com\/de\/wp-json\/wp\/v2\/pages\/7625\/revisions"}],"predecessor-version":[{"id":13881,"href":"https:\/\/sky.safetybis.com\/de\/wp-json\/wp\/v2\/pages\/7625\/revisions\/13881"}],"up":[{"embeddable":true,"href":"https:\/\/sky.safetybis.com\/de\/wp-json\/wp\/v2\/pages\/6989"}],"wp:attachment":[{"href":"https:\/\/sky.safetybis.com\/de\/wp-json\/wp\/v2\/media?parent=7625"}],"curies":[{"name":"wp","href":"https:\/\/api.w.org\/{rel}","templated":true}]}}