{"id":7634,"date":"2016-12-29T11:32:15","date_gmt":"2016-12-29T11:32:15","guid":{"rendered":"https:\/\/www.sky9-apartments.com\/de\/?page_id=7634"},"modified":"2017-01-04T13:17:16","modified_gmt":"2017-01-04T13:17:16","slug":"reinigungskraft","status":"publish","type":"page","link":"https:\/\/sky.safetybis.com\/de\/kontakt\/jobs\/reinigungskraft\/","title":{"rendered":"Reinigungskraft"},"content":{"rendered":"<section class=\"wpb-content-wrapper\">[vc_row][vc_column][vc_column_text]\n<h2><img decoding=\"async\" loading=\"lazy\" class=\"alignleft size-full wp-image-7676\" src=\"https:\/\/www.sky9-apartments.com\/wp-content\/uploads\/2016\/12\/sky9-serviced-apartments-reinigungskraft-icon-small.png\" alt=\"sky9-serviced-apartments-reinigungskraft-icon-small\" width=\"37\" height=\"44\" \/>Reinigungskraft gesucht!<\/h2>\n<p>Wir suchen zum n\u00e4chstm\u00f6glichen Zeitpunkt eine <strong>erfahrene Putzkraft (w\/m)<\/strong>, die in einem professionellen Team bereit ist, Verantwortung zu \u00fcbernehmen.<\/p>\n<p style=\"margin-bottom: 0px;\"><strong>Aufgabengebiete<\/strong><\/p>\n<div style=\"padding: 0 0 30px 15px;\">\n<ul>\n<li>Reinigung der Apartments<\/li>\n<li>Kommunikation und Organisation mit Lieferanten (z.B W\u00e4scherei usw.) und Mitarbeiter<\/li>\n<li>Inspektion der Apartments und ggf. verursachte Sch\u00e4den durch G\u00e4ste an das B\u00fcropersonal melden<\/li>\n<li>Einbringung von eigenen Ideen<\/li>\n<li>Entspannte Atmosph\u00e4re, Spa\u00df und nette Kollegen<\/li>\n<\/ul>\n<\/div>\n<p style=\"margin-bottom: 0px;\"><strong>Anforderungen<\/strong><\/p>\n<div style=\"padding: 0 0 30px 15px;\">\n<ul>\n<li>Gute Deutschkenntnisse<\/li>\n<li>Hotel-Erfahrung von Vorteil<\/li>\n<li>Arbeitszeiten immer ab 11Uhr vormittags mit Bereitschaft f\u00fcr Wochenenddiensten<\/li>\n<li>Spa\u00df an Teamarbeit, Flexibilit\u00e4t, Belastbarkeit, Verantwortungsbereitschaft<\/li>\n<\/ul>\n<\/div>\n<p style=\"margin-bottom: 0px;\"><strong>Unser Angebot<\/strong><\/p>\n<div style=\"padding: 0 0 30px 15px;\">\n<ul>\n<li>Eine verantwortungsvolle Position in einem professionellen Team hoch qualifizierter Kolleginnen und Kollegen aus unterschiedlichen Disziplinen<\/li>\n<li>Anspruchsvolle und spannende\u00a0Arbeit<\/li>\n<li>Sehr gute Arbeitsatmosph\u00e4re, vor allem gepr\u00e4gt von Teamgeist, flachen Hierarchien, offener Kommunikation, unkompliziertem Umgang miteinander sowie viel Gestaltungsspielraum f\u00fcr eigene Ideen<\/li>\n<li>Au\u00dfergew\u00f6hnlich gute Weiterbildungsangebote<\/li>\n<\/ul>\n<\/div>\n<p><strong>Interessiert am weiteren Erfolg von SKY9 Apartments\u00a0mitzuwirken?<\/strong><\/p>\n<p>Dann freuen wir uns auf deine aussagekr\u00e4ftige Bewerbung f\u00fcr das Stellenangebot Reinigungskraft\u00a0(w\/m) mit fr\u00fchestm\u00f6glichen Eintrittsdatum per E-Mail an: office(at)sky9-apartments.com[\/vc_column_text][\/vc_column][\/vc_row]\n<\/section>","protected":false},"excerpt":{"rendered":"<p>[vc_row][vc_column][vc_column_text] Reinigungskraft gesucht! Wir suchen zum n\u00e4chstm\u00f6glichen Zeitpunkt eine erfahrene Putzkraft (w\/m), die in einem professionellen Team bereit ist, Verantwortung [&hellip;]<\/p>\n","protected":false},"author":17,"featured_media":0,"parent":7625,"menu_order":0,"comment_status":"closed","ping_status":"closed","template":"","meta":[],"_links":{"self":[{"href":"https:\/\/sky.safetybis.com\/de\/wp-json\/wp\/v2\/pages\/7634"}],"collection":[{"href":"https:\/\/sky.safetybis.com\/de\/wp-json\/wp\/v2\/pages"}],"about":[{"href":"https:\/\/sky.safetybis.com\/de\/wp-json\/wp\/v2\/types\/page"}],"author":[{"embeddable":true,"href":"https:\/\/sky.safetybis.com\/de\/wp-json\/wp\/v2\/users\/17"}],"replies":[{"embeddable":true,"href":"https:\/\/sky.safetybis.com\/de\/wp-json\/wp\/v2\/comments?post=7634"}],"version-history":[{"count":14,"href":"https:\/\/sky.safetybis.com\/de\/wp-json\/wp\/v2\/pages\/7634\/revisions"}],"predecessor-version":[{"id":7679,"href":"https:\/\/sky.safetybis.com\/de\/wp-json\/wp\/v2\/pages\/7634\/revisions\/7679"}],"up":[{"embeddable":true,"href":"https:\/\/sky.safetybis.com\/de\/wp-json\/wp\/v2\/pages\/7625"}],"wp:attachment":[{"href":"https:\/\/sky.safetybis.com\/de\/wp-json\/wp\/v2\/media?parent=7634"}],"curies":[{"name":"wp","href":"https:\/\/api.w.org\/{rel}","templated":true}]}}