{"id":7277,"date":"2016-10-14T17:53:52","date_gmt":"2016-10-14T17:53:52","guid":{"rendered":"https:\/\/www.sky9-apartments.com\/de\/shop\/late-check-out\/"},"modified":"2016-11-17T17:51:43","modified_gmt":"2016-11-17T17:51:43","slug":"late-check-out","status":"publish","type":"product","link":"https:\/\/sky.safetybis.com\/de\/produkt\/late-check-out\/","title":{"rendered":"Late Check-out (pro Stunde)"},"content":{"rendered":"","protected":false},"excerpt":{"rendered":"<p>Regul\u00e4re Check-out Zeit ist 11 Uhr. Nach\u00a011 Uhr erheben wir f\u00fcr jede angefangene Stunde eine Geb\u00fchr von 10EUR.<br \/>\nSp\u00e4ter Check-out ist abh\u00e4ngig von der Verf\u00fcgbarkeit und muss von SKY9 best\u00e4tigt werden.<\/p>\n","protected":false},"featured_media":7226,"comment_status":"open","ping_status":"closed","template":"","meta":[],"product_cat":[99,100],"product_tag":[],"_links":{"self":[{"href":"https:\/\/sky.safetybis.com\/de\/wp-json\/wp\/v2\/product\/7277"}],"collection":[{"href":"https:\/\/sky.safetybis.com\/de\/wp-json\/wp\/v2\/product"}],"about":[{"href":"https:\/\/sky.safetybis.com\/de\/wp-json\/wp\/v2\/types\/product"}],"replies":[{"embeddable":true,"href":"https:\/\/sky.safetybis.com\/de\/wp-json\/wp\/v2\/comments?post=7277"}],"wp:featuredmedia":[{"embeddable":true,"href":"https:\/\/sky.safetybis.com\/de\/wp-json\/wp\/v2\/media\/7226"}],"wp:attachment":[{"href":"https:\/\/sky.safetybis.com\/de\/wp-json\/wp\/v2\/media?parent=7277"}],"wp:term":[{"taxonomy":"product_cat","embeddable":true,"href":"https:\/\/sky.safetybis.com\/de\/wp-json\/wp\/v2\/product_cat?post=7277"},{"taxonomy":"product_tag","embeddable":true,"href":"https:\/\/sky.safetybis.com\/de\/wp-json\/wp\/v2\/product_tag?post=7277"}],"curies":[{"name":"wp","href":"https:\/\/api.w.org\/{rel}","templated":true}]}}