{"id":7286,"date":"2016-10-14T17:53:33","date_gmt":"2016-10-14T17:53:33","guid":{"rendered":"https:\/\/www.sky9-apartments.com\/shop\/early-check-in-pro-stunde\/"},"modified":"2016-11-17T18:08:25","modified_gmt":"2016-11-17T18:08:25","slug":"early-check-in-pro-stunde","status":"publish","type":"product","link":"https:\/\/sky.safetybis.com\/de\/produkt\/early-check-in-pro-stunde\/","title":{"rendered":"Early Check-in (pro Stunde)"},"content":{"rendered":"","protected":false},"excerpt":{"rendered":"<p>Regul\u00e4re Check-in Zeit ist 14Uhr. F\u00fcr jede Stunde fr\u00fcher erheben wir\u00a0eine Geb\u00fchr von 10EUR.<br \/>\nDer fr\u00fche Check-in ist abh\u00e4ngig von der Verf\u00fcgbarkeit und muss von SKY9 best\u00e4tigt werden.<\/p>\n","protected":false},"featured_media":7225,"comment_status":"open","ping_status":"closed","template":"","meta":[],"product_cat":[99,100],"product_tag":[],"_links":{"self":[{"href":"https:\/\/sky.safetybis.com\/de\/wp-json\/wp\/v2\/product\/7286"}],"collection":[{"href":"https:\/\/sky.safetybis.com\/de\/wp-json\/wp\/v2\/product"}],"about":[{"href":"https:\/\/sky.safetybis.com\/de\/wp-json\/wp\/v2\/types\/product"}],"replies":[{"embeddable":true,"href":"https:\/\/sky.safetybis.com\/de\/wp-json\/wp\/v2\/comments?post=7286"}],"wp:featuredmedia":[{"embeddable":true,"href":"https:\/\/sky.safetybis.com\/de\/wp-json\/wp\/v2\/media\/7225"}],"wp:attachment":[{"href":"https:\/\/sky.safetybis.com\/de\/wp-json\/wp\/v2\/media?parent=7286"}],"wp:term":[{"taxonomy":"product_cat","embeddable":true,"href":"https:\/\/sky.safetybis.com\/de\/wp-json\/wp\/v2\/product_cat?post=7286"},{"taxonomy":"product_tag","embeddable":true,"href":"https:\/\/sky.safetybis.com\/de\/wp-json\/wp\/v2\/product_tag?post=7286"}],"curies":[{"name":"wp","href":"https:\/\/api.w.org\/{rel}","templated":true}]}}