{"id":7313,"date":"2016-10-14T17:51:15","date_gmt":"2016-10-14T17:51:15","guid":{"rendered":"https:\/\/www.sky9-apartments.com\/de\/shop\/intermediate-cleaning\/"},"modified":"2017-02-27T12:17:09","modified_gmt":"2017-02-27T12:17:09","slug":"zwischenreinigung","status":"publish","type":"product","link":"https:\/\/sky.safetybis.com\/de\/produkt\/zwischenreinigung\/","title":{"rendered":"Zwischenreinigung"},"content":{"rendered":"","protected":false},"excerpt":{"rendered":"<p>Unser Putzpersonal wird Ihre Wohnung zwischenreinigen und Handt\u00fccher und Bettw\u00e4sche wechseln. Bitte lassen Sie uns wissen, an welchem Tag w\u00e4hrend Ihres Aufenthalts Sie die Zwischenreinigung haben m\u00f6chten.<\/p>\n","protected":false},"featured_media":7224,"comment_status":"open","ping_status":"closed","template":"","meta":[],"product_cat":[99],"product_tag":[],"_links":{"self":[{"href":"https:\/\/sky.safetybis.com\/de\/wp-json\/wp\/v2\/product\/7313"}],"collection":[{"href":"https:\/\/sky.safetybis.com\/de\/wp-json\/wp\/v2\/product"}],"about":[{"href":"https:\/\/sky.safetybis.com\/de\/wp-json\/wp\/v2\/types\/product"}],"replies":[{"embeddable":true,"href":"https:\/\/sky.safetybis.com\/de\/wp-json\/wp\/v2\/comments?post=7313"}],"wp:featuredmedia":[{"embeddable":true,"href":"https:\/\/sky.safetybis.com\/de\/wp-json\/wp\/v2\/media\/7224"}],"wp:attachment":[{"href":"https:\/\/sky.safetybis.com\/de\/wp-json\/wp\/v2\/media?parent=7313"}],"wp:term":[{"taxonomy":"product_cat","embeddable":true,"href":"https:\/\/sky.safetybis.com\/de\/wp-json\/wp\/v2\/product_cat?post=7313"},{"taxonomy":"product_tag","embeddable":true,"href":"https:\/\/sky.safetybis.com\/de\/wp-json\/wp\/v2\/product_tag?post=7313"}],"curies":[{"name":"wp","href":"https:\/\/api.w.org\/{rel}","templated":true}]}}