{"id":7389,"date":"2016-11-22T11:16:41","date_gmt":"2016-11-22T11:16:41","guid":{"rendered":"https:\/\/www.sky9-apartments.com\/de\/shop\/romantisches-abendessen-tischreservierung-copy\/"},"modified":"2020-02-03T09:39:58","modified_gmt":"2020-02-03T09:39:58","slug":"abendessen-mit-aussicht-tischreservierung","status":"publish","type":"product","link":"https:\/\/sky.safetybis.com\/de\/produkt\/abendessen-mit-aussicht-tischreservierung\/","title":{"rendered":"Abendessen mit Aussicht &#8211; Tischreservierung"},"content":{"rendered":"","protected":false},"excerpt":{"rendered":"<p>Unsere erfahrenen Concierge-Mitarbeiter reservieren f\u00fcr Sie einen Tisch zum Abendessen in einem Restaurant \u00fcber den Wolken mit herrlichem Blick \u00fcber Wien. Teilen Sie uns Ihr\u00a0gew\u00fcnschtes Datum und die Uhrzeit nach dem Kauf mit. Unsere Service-Geb\u00fchr versteht sich pro Tischreservierung.<\/p>\n<p>Sie bestellen und bezahlen direkt im Restaurant. Alle weiteren Details erhalten Sie in K\u00fcrze\u00a0per E-Mail\u00a0zugesandt.<\/p>\n","protected":false},"featured_media":7375,"comment_status":"open","ping_status":"closed","template":"","meta":[],"product_cat":[100],"product_tag":[],"_links":{"self":[{"href":"https:\/\/sky.safetybis.com\/de\/wp-json\/wp\/v2\/product\/7389"}],"collection":[{"href":"https:\/\/sky.safetybis.com\/de\/wp-json\/wp\/v2\/product"}],"about":[{"href":"https:\/\/sky.safetybis.com\/de\/wp-json\/wp\/v2\/types\/product"}],"replies":[{"embeddable":true,"href":"https:\/\/sky.safetybis.com\/de\/wp-json\/wp\/v2\/comments?post=7389"}],"wp:featuredmedia":[{"embeddable":true,"href":"https:\/\/sky.safetybis.com\/de\/wp-json\/wp\/v2\/media\/7375"}],"wp:attachment":[{"href":"https:\/\/sky.safetybis.com\/de\/wp-json\/wp\/v2\/media?parent=7389"}],"wp:term":[{"taxonomy":"product_cat","embeddable":true,"href":"https:\/\/sky.safetybis.com\/de\/wp-json\/wp\/v2\/product_cat?post=7389"},{"taxonomy":"product_tag","embeddable":true,"href":"https:\/\/sky.safetybis.com\/de\/wp-json\/wp\/v2\/product_tag?post=7389"}],"curies":[{"name":"wp","href":"https:\/\/api.w.org\/{rel}","templated":true}]}}