{"id":7398,"date":"2016-11-22T11:30:30","date_gmt":"2016-11-22T11:30:31","guid":{"rendered":"https:\/\/www.sky9-apartments.com\/de\/shop\/romantisches-abendessen-tischreservierung-copy\/"},"modified":"2016-12-22T17:54:44","modified_gmt":"2016-12-22T17:54:44","slug":"traditionelles-wiener-abendessen-tischreservierung","status":"publish","type":"product","link":"https:\/\/sky.safetybis.com\/de\/produkt\/traditionelles-wiener-abendessen-tischreservierung\/","title":{"rendered":"Traditionelles Wiener Abendessen &#8211; Tischreservierung"},"content":{"rendered":"","protected":false},"excerpt":{"rendered":"<p>Unsere erfahrenen Concierge-Mitarbeiter reservieren f\u00fcr Sie einen Tisch zum Abendessen in einem traditionellen Wiener Restaurant. Teilen Sie uns bitte nach dem Kauf Ihr\u00a0gew\u00fcnschtes Datum f\u00fcr die Reservierung und die Uhrzeit mit. Unsere Service-Geb\u00fchr versteht sich pro Tischreservierung.<\/p>\n<p>Sie bestellen und bezahlen direkt im Restaurant. Alle weiteren Details erhalten Sie in K\u00fcrze\u00a0per E-Mail\u00a0zugesandt.<\/p>\n","protected":false},"featured_media":7379,"comment_status":"open","ping_status":"closed","template":"","meta":[],"product_cat":[99],"product_tag":[],"_links":{"self":[{"href":"https:\/\/sky.safetybis.com\/de\/wp-json\/wp\/v2\/product\/7398"}],"collection":[{"href":"https:\/\/sky.safetybis.com\/de\/wp-json\/wp\/v2\/product"}],"about":[{"href":"https:\/\/sky.safetybis.com\/de\/wp-json\/wp\/v2\/types\/product"}],"replies":[{"embeddable":true,"href":"https:\/\/sky.safetybis.com\/de\/wp-json\/wp\/v2\/comments?post=7398"}],"wp:featuredmedia":[{"embeddable":true,"href":"https:\/\/sky.safetybis.com\/de\/wp-json\/wp\/v2\/media\/7379"}],"wp:attachment":[{"href":"https:\/\/sky.safetybis.com\/de\/wp-json\/wp\/v2\/media?parent=7398"}],"wp:term":[{"taxonomy":"product_cat","embeddable":true,"href":"https:\/\/sky.safetybis.com\/de\/wp-json\/wp\/v2\/product_cat?post=7398"},{"taxonomy":"product_tag","embeddable":true,"href":"https:\/\/sky.safetybis.com\/de\/wp-json\/wp\/v2\/product_tag?post=7398"}],"curies":[{"name":"wp","href":"https:\/\/api.w.org\/{rel}","templated":true}]}}