{"id":7404,"date":"2016-11-22T11:49:24","date_gmt":"2016-11-22T11:49:24","guid":{"rendered":"https:\/\/www.sky9-apartments.com\/shop\/bademantel\/"},"modified":"2016-11-22T11:49:24","modified_gmt":"2016-11-22T11:49:24","slug":"bademantel","status":"publish","type":"product","link":"https:\/\/sky.safetybis.com\/de\/produkt\/bademantel\/","title":{"rendered":"Bademantel"},"content":{"rendered":"","protected":false},"excerpt":{"rendered":"<p>Wir legen Ihnen\u00a0einen sch\u00f6nen und kuscheligen\u00a0Bademantel ins Apartment, den Sie w\u00e4hrend Ihres Aufenthalt bei uns nutzen k\u00f6nnen. So genie\u00dfen Sie\u00a0Stunden zu Hause am besten.<\/p>\n","protected":false},"featured_media":7377,"comment_status":"open","ping_status":"closed","template":"","meta":[],"product_cat":[100],"product_tag":[],"_links":{"self":[{"href":"https:\/\/sky.safetybis.com\/de\/wp-json\/wp\/v2\/product\/7404"}],"collection":[{"href":"https:\/\/sky.safetybis.com\/de\/wp-json\/wp\/v2\/product"}],"about":[{"href":"https:\/\/sky.safetybis.com\/de\/wp-json\/wp\/v2\/types\/product"}],"replies":[{"embeddable":true,"href":"https:\/\/sky.safetybis.com\/de\/wp-json\/wp\/v2\/comments?post=7404"}],"wp:featuredmedia":[{"embeddable":true,"href":"https:\/\/sky.safetybis.com\/de\/wp-json\/wp\/v2\/media\/7377"}],"wp:attachment":[{"href":"https:\/\/sky.safetybis.com\/de\/wp-json\/wp\/v2\/media?parent=7404"}],"wp:term":[{"taxonomy":"product_cat","embeddable":true,"href":"https:\/\/sky.safetybis.com\/de\/wp-json\/wp\/v2\/product_cat?post=7404"},{"taxonomy":"product_tag","embeddable":true,"href":"https:\/\/sky.safetybis.com\/de\/wp-json\/wp\/v2\/product_tag?post=7404"}],"curies":[{"name":"wp","href":"https:\/\/api.w.org\/{rel}","templated":true}]}}