{"id":7410,"date":"2016-11-22T12:08:03","date_gmt":"2016-11-22T12:08:03","guid":{"rendered":"https:\/\/www.sky9-apartments.com\/shop\/bett-voller-rosenblaetter\/"},"modified":"2021-03-11T12:36:37","modified_gmt":"2021-03-11T12:36:37","slug":"bett-voller-rosenblaetter","status":"publish","type":"product","link":"https:\/\/sky.safetybis.com\/de\/produkt\/bett-voller-rosenblaetter\/","title":{"rendered":"Bett voller Rosenbl\u00e4tter"},"content":{"rendered":"","protected":false},"excerpt":{"rendered":"<p>Blumen und Schokolade, hin und wieder, sind noch immer eine\u00a0romantische Art und Weise\u00a0&#8220;Ich liebe dich&#8221; zu sagen.<br \/>\nWir helfen Ihnen dabei, Ihre Ankunft zu einem gro\u00dfen romantischen Erlebnis zu machen. Wir inszenieren\u00a0eine romantische Szene im Schlafzimmer mit einem Bett voller Rosenbl\u00fcten. Wenn gew\u00fcnscht, f\u00fcgen wir\u00a0Schokolade, eine Champagner-Flasche und ein Teddy hin zu.<\/p>\n<p><font style=\"font-size: 11px !important;\">*synthetisch<\/font><\/p>\n","protected":false},"featured_media":7365,"comment_status":"open","ping_status":"closed","template":"","meta":[],"product_cat":[100],"product_tag":[],"_links":{"self":[{"href":"https:\/\/sky.safetybis.com\/de\/wp-json\/wp\/v2\/product\/7410"}],"collection":[{"href":"https:\/\/sky.safetybis.com\/de\/wp-json\/wp\/v2\/product"}],"about":[{"href":"https:\/\/sky.safetybis.com\/de\/wp-json\/wp\/v2\/types\/product"}],"replies":[{"embeddable":true,"href":"https:\/\/sky.safetybis.com\/de\/wp-json\/wp\/v2\/comments?post=7410"}],"wp:featuredmedia":[{"embeddable":true,"href":"https:\/\/sky.safetybis.com\/de\/wp-json\/wp\/v2\/media\/7365"}],"wp:attachment":[{"href":"https:\/\/sky.safetybis.com\/de\/wp-json\/wp\/v2\/media?parent=7410"}],"wp:term":[{"taxonomy":"product_cat","embeddable":true,"href":"https:\/\/sky.safetybis.com\/de\/wp-json\/wp\/v2\/product_cat?post=7410"},{"taxonomy":"product_tag","embeddable":true,"href":"https:\/\/sky.safetybis.com\/de\/wp-json\/wp\/v2\/product_tag?post=7410"}],"curies":[{"name":"wp","href":"https:\/\/api.w.org\/{rel}","templated":true}]}}